{"id":5298,"date":"2024-10-24T09:52:01","date_gmt":"2024-10-24T09:52:01","guid":{"rendered":"https:\/\/hautzentren.de\/imprint\/"},"modified":"2025-11-21T10:05:25","modified_gmt":"2025-11-21T10:05:25","slug":"imprint","status":"publish","type":"page","link":"https:\/\/hautzentren.de\/en\/imprint\/","title":{"rendered":"Imprint"},"content":{"rendered":"\t\t<div data-elementor-type=\"wp-page\" data-elementor-id=\"5298\" class=\"elementor elementor-5298 elementor-1230\" data-elementor-post-type=\"page\">\n\t\t\t\t<div class=\"elementor-element elementor-element-4e3438e e-flex e-con-boxed e-con e-parent\" data-id=\"4e3438e\" data-element_type=\"container\" data-e-type=\"container\" data-settings=\"{&quot;background_background&quot;:&quot;classic&quot;}\">\n\t\t\t\t\t<div class=\"e-con-inner\">\n\t\t\t\t<div class=\"elementor-element elementor-element-00b6e28 elementor-widget elementor-widget-heading\" data-id=\"00b6e28\" data-element_type=\"widget\" data-e-type=\"widget\" data-widget_type=\"heading.default\">\n\t\t\t\t\t<h1 class=\"elementor-heading-title elementor-size-default\">Imprint\n\n<\/h1>\t\t\t\t<\/div>\n\t\t\t\t<div class=\"elementor-element elementor-element-6c43fb7 elementor-widget__width-initial elementor-widget-divider--view-line elementor-invisible elementor-widget elementor-widget-divider\" data-id=\"6c43fb7\" data-element_type=\"widget\" data-e-type=\"widget\" data-settings=\"{&quot;_animation&quot;:&quot;zoomIn&quot;}\" data-widget_type=\"divider.default\">\n\t\t\t\t\t\t\t<div class=\"elementor-divider\">\n\t\t\t<span class=\"elementor-divider-separator\">\n\t\t\t\t\t\t<\/span>\n\t\t<\/div>\n\t\t\t\t\t\t<\/div>\n\t\t\t\t<div class=\"elementor-element elementor-element-3497231 elementor-widget-tablet__width-inherit elementor-widget elementor-widget-text-editor\" data-id=\"3497231\" data-element_type=\"widget\" data-e-type=\"widget\" data-widget_type=\"text-editor.default\">\n\t\t\t\t\t\t\t\t\t<p><strong>Pulheim Skin Center<\/strong><\/p><p>Dr.med Bijan Koushk Jalali<\/p><p>Venloer Str. 107, 50259 Pulheim<br>Hautzentrum-Pulheim.de<br>Tel: <span style=\"text-decoration: underline;\"><a href=\"tel:+49223858058\">02238 58 0 58<\/a><\/span><\/p><p>Responsible: Dr.med Bijan Koushk Jalali<br>Responsible state medical association (supervisory authority):<br>\u00c4rztekammer Nordrhein, Teerstegenstr. 9 , 40474 D\u00fcsseldorf, <\/p><p><span style=\"text-decoration: underline;\"><a href=\"https:\/\/www.aekno.de\/\">www.aekno.de<\/a><\/span><\/p><p>Responsible Association of Statutory Health Insurance Physicians:<br>Kassen\u00e4rztliche Vereinigung Nordrhein, Teerstegenstr. 9, 40474 D\u00fcsseldorf <\/p><p><a href=\"https:\/\/www.aekno.de\/\"><span style=\"text-decoration: underline;\">www.aekno.de<\/span><\/a><\/p><p>Professional title: Doctor, awarded in the Federal Republic of Germany<\/p><p>Professional regulations: Professional code of conduct of the North Rhine Medical Association<\/p><p><a href=\"https:\/\/www.aekno.de\/\"><span style=\"text-decoration: underline;\">www.aekno.de\/aertze\/berufsordnung<\/span><\/a><\/p><p>Responsible for content according to \u00a755 paragraph 2 RStV: Dr.med Bijan Koushk<\/p><p>The Pulheim Skin Center and the Bensberg Skin Center are each independent operating facilities. Both facilities act legally, fiscally, organizationally and economically independently of each other and are not subject to joint entrepreneurial activity. This website serves exclusively to provide neutral and general information about the respective services, offers and the respective teams. It does not constitute a joint company or a single business operation and does not have any legal consequences in terms of a commercial or tax connection.   <\/p>\t\t\t\t\t\t\t\t<\/div>\n\t\t\t\t\t<\/div>\n\t\t\t\t<\/div>\n\t\t<div class=\"elementor-element elementor-element-526b821 e-con-full e-flex e-con e-parent\" data-id=\"526b821\" data-element_type=\"container\" data-e-type=\"container\">\n\t\t\t\t<div class=\"elementor-element elementor-element-4140719 elementor-widget elementor-widget-template\" data-id=\"4140719\" data-element_type=\"widget\" data-e-type=\"widget\" data-widget_type=\"template.default\">\n\t\t\t\t<div class=\"elementor-widget-container\">\n\t\t\t\t\t\t\t<div class=\"elementor-template\">\n\t\t\t\t\t<div data-elementor-type=\"container\" data-elementor-id=\"5616\" class=\"elementor elementor-5616 elementor-5612 elementor-5612\" data-elementor-post-type=\"elementor_library\">\n\t\t\t\t<div class=\"elementor-element elementor-element-4818c7b e-flex e-con-boxed e-con e-parent\" data-id=\"4818c7b\" data-element_type=\"container\" data-e-type=\"container\" data-settings=\"{&quot;background_background&quot;:&quot;video&quot;,&quot;background_video_link&quot;:&quot;https:\\\/\\\/hautzentren.de\\\/wp-content\\\/uploads\\\/2024\\\/10\\\/file.mp4&quot;}\">\n\t\t\t\t\t<div class=\"e-con-inner\">\n\t\t<div class=\"elementor-background-video-container elementor-hidden-mobile\">\n\t\t\t\t\t\t\t<video class=\"elementor-background-video-hosted\" role=\"presentation\" autoplay muted playsinline loop><\/video>\n\t\t\t\t\t<\/div>\t\t<div class=\"elementor-element elementor-element-7b718a2 elementor-widget__width-initial elementor-widget elementor-widget-heading\" data-id=\"7b718a2\" data-element_type=\"widget\" data-e-type=\"widget\" data-widget_type=\"heading.default\">\n\t\t\t\t\t<h2 class=\"elementor-heading-title elementor-size-default\">Wir beraten Sie Gerne<\/h2>\t\t\t\t<\/div>\n\t\t\t\t<div class=\"elementor-element elementor-element-4c894cf elementor-widget-divider--view-line elementor-widget elementor-widget-divider\" data-id=\"4c894cf\" data-element_type=\"widget\" data-e-type=\"widget\" data-widget_type=\"divider.default\">\n\t\t\t\t\t\t\t<div class=\"elementor-divider\">\n\t\t\t<span class=\"elementor-divider-separator\">\n\t\t\t\t\t\t<\/span>\n\t\t<\/div>\n\t\t\t\t\t\t<\/div>\n\t\t<div class=\"elementor-element elementor-element-c693f5e e-con-full e-flex e-con e-child\" data-id=\"c693f5e\" data-element_type=\"container\" data-e-type=\"container\">\n\t\t<div class=\"elementor-element elementor-element-f66f3af e-con-full e-flex e-con e-child\" data-id=\"f66f3af\" data-element_type=\"container\" data-e-type=\"container\">\n\t\t\t\t<div class=\"elementor-element elementor-element-0f5c487 elementor-mobile-align-start elementor-widget__width-initial elementor-icon-list--layout-traditional elementor-list-item-link-full_width elementor-widget elementor-widget-icon-list\" data-id=\"0f5c487\" data-element_type=\"widget\" data-e-type=\"widget\" data-widget_type=\"icon-list.default\">\n\t\t\t\t\t\t\t<ul class=\"elementor-icon-list-items\">\n\t\t\t\t\t\t\t<li class=\"elementor-icon-list-item\">\n\t\t\t\t\t\t\t\t\t\t\t<a href=\"tel:+49223858058\">\n\n\t\t\t\t\t\t\t\t\t\t\t\t<span class=\"elementor-icon-list-icon\">\n\t\t\t\t\t\t\t<svg xmlns:dc=\"http:\/\/purl.org\/dc\/elements\/1.1\/\" xmlns:cc=\"http:\/\/creativecommons.org\/ns#\" xmlns:rdf=\"http:\/\/www.w3.org\/1999\/02\/22-rdf-syntax-ns#\" xmlns:svg=\"http:\/\/www.w3.org\/2000\/svg\" xmlns=\"http:\/\/www.w3.org\/2000\/svg\" xmlns:sodipodi=\"http:\/\/sodipodi.sourceforge.net\/DTD\/sodipodi-0.dtd\" xmlns:inkscape=\"http:\/\/www.inkscape.org\/namespaces\/inkscape\" inkscape:version=\"1.0 (4035a4fb49, 2020-05-01)\" sodipodi:docname=\"phone-icon-1.svg\" id=\"svg10\" aria-hidden=\"true\" data-type=\"color\" width=\"200\" height=\"200\" viewBox=\"30.499 30 139 139.999\" data-bbox=\"30.499 30 139 139.999\" preserveAspectRatio=\"xMidYMid meet\"><metadata><\/metadata><defs id=\"defs4\"><style id=\"style2\">#comp-l6ww9bmi svg [data-color=\"1\"] {fill: #FFFFFF;}<\/style><\/defs><g style=\"fill:#ffffff\" id=\"g8\"><path style=\"fill:#ffffff\" id=\"path6\" data-color=\"1\" fill=\"#000001\" d=\"M154.708 115.415a80.404 80.404 0 0 1-17.641-4.416c-6.242-2.359-13.345-.836-18.104 3.896l-6.198 6.229a101.805 101.805 0 0 1-33.919-34.089l6.205-6.237c4.695-4.773 6.21-11.918 3.865-18.193a81.55 81.55 0 0 1-4.401-17.771C83.323 36.349 76.039 30 67.572 30l-.168.001H47.635c-.515 0-1.033.023-1.53.07-4.561.414-8.69 2.589-11.625 6.125-2.937 3.538-4.326 8.015-3.908 12.667C32.79 69.86 40 90.325 51.401 108.016c10.361 16.39 24.455 30.558 40.73 40.953 17.546 11.437 37.809 18.683 58.672 20.961.515.046 1.031.069 1.534.069h.077c9.456-.039 17.118-7.808 17.081-17.302v-19.825c.19-8.733-6.144-16.231-14.787-17.457zm6.845 17.412v19.887c.02 5.1-4.094 9.265-9.173 9.286-.294-.002-.58-.012-.793-.03-19.563-2.137-38.629-8.955-55.17-19.736-15.327-9.79-28.576-23.108-38.334-38.543C47.34 87.021 40.557 67.769 38.477 48.08a9.218 9.218 0 0 1 2.098-6.752 9.138 9.138 0 0 1 7.06-3.326h19.808c.032-.002.062-.002.092-.002 4.566 0 8.476 3.404 9.111 7.918a89.669 89.669 0 0 0 4.834 19.497c1.259 3.366.445 7.194-2.055 9.736l-8.369 8.412a4.022 4.022 0 0 0-.646 4.812c9.73 17.199 23.917 31.461 41.028 41.241a3.948 3.948 0 0 0 4.766-.647l8.353-8.396a9.212 9.212 0 0 1 9.728-2.08 88.214 88.214 0 0 0 19.35 4.85c4.63.656 8.034 4.691 7.918 9.386v.098z\"><\/path><\/g><\/svg>\t\t\t\t\t\t<\/span>\n\t\t\t\t\t\t\t\t\t\t<span class=\"elementor-icon-list-text\">02238 58 0 58<\/span>\n\t\t\t\t\t\t\t\t\t\t\t<\/a>\n\t\t\t\t\t\t\t\t\t<\/li>\n\t\t\t\t\t\t\t\t<li class=\"elementor-icon-list-item\">\n\t\t\t\t\t\t\t\t\t\t\t<a href=\"mailto:info@hautzentrum-pulheim.de\">\n\n\t\t\t\t\t\t\t\t\t\t\t\t<span class=\"elementor-icon-list-icon\">\n\t\t\t\t\t\t\t<svg aria-hidden=\"true\" class=\"e-font-icon-svg e-far-envelope-open\" viewBox=\"0 0 512 512\" xmlns=\"http:\/\/www.w3.org\/2000\/svg\"><path d=\"M494.586 164.516c-4.697-3.883-111.723-89.95-135.251-108.657C337.231 38.191 299.437 0 256 0c-43.205 0-80.636 37.717-103.335 55.859-24.463 19.45-131.07 105.195-135.15 108.549A48.004 48.004 0 0 0 0 201.485V464c0 26.51 21.49 48 48 48h416c26.51 0 48-21.49 48-48V201.509a48 48 0 0 0-17.414-36.993zM464 458a6 6 0 0 1-6 6H54a6 6 0 0 1-6-6V204.347c0-1.813.816-3.526 2.226-4.665 15.87-12.814 108.793-87.554 132.364-106.293C200.755 78.88 232.398 48 256 48c23.693 0 55.857 31.369 73.41 45.389 23.573 18.741 116.503 93.493 132.366 106.316a5.99 5.99 0 0 1 2.224 4.663V458zm-31.991-187.704c4.249 5.159 3.465 12.795-1.745 16.981-28.975 23.283-59.274 47.597-70.929 56.863C336.636 362.283 299.205 400 256 400c-43.452 0-81.287-38.237-103.335-55.86-11.279-8.967-41.744-33.413-70.927-56.865-5.21-4.187-5.993-11.822-1.745-16.981l15.258-18.528c4.178-5.073 11.657-5.843 16.779-1.726 28.618 23.001 58.566 47.035 70.56 56.571C200.143 320.631 232.307 352 256 352c23.602 0 55.246-30.88 73.41-45.389 11.994-9.535 41.944-33.57 70.563-56.568 5.122-4.116 12.601-3.346 16.778 1.727l15.258 18.526z\"><\/path><\/svg>\t\t\t\t\t\t<\/span>\n\t\t\t\t\t\t\t\t\t\t<span class=\"elementor-icon-list-text\">info@hautzentrum-pulheim.de<\/span>\n\t\t\t\t\t\t\t\t\t\t\t<\/a>\n\t\t\t\t\t\t\t\t\t<\/li>\n\t\t\t\t\t\t<\/ul>\n\t\t\t\t\t\t<\/div>\n\t\t\t\t<div class=\"elementor-element elementor-element-30ba599 elementor-widget__width-initial elementor-align-left elementor-widget elementor-widget-button\" data-id=\"30ba599\" data-element_type=\"widget\" data-e-type=\"widget\" data-widget_type=\"button.default\">\n\t\t\t\t\t\t\t\t\t\t<a class=\"elementor-button elementor-button-link elementor-size-sm elementor-animation-grow\" href=\"https:\/\/www.doctolib.de\/hautarzt\/pulheim\/bijan-koushk-jalali\/booking\/new-patient?specialityId=1289&#038;bookingFunnelSource=deep_link\" target=\"_blank\" rel=\"nofollow\">\n\t\t\t\t\t\t<span class=\"elementor-button-content-wrapper\">\n\t\t\t\t\t\t\t\t\t<span class=\"elementor-button-text\">Jetzt Termin vereinbaren<\/span>\n\t\t\t\t\t<\/span>\n\t\t\t\t\t<\/a>\n\t\t\t\t\t\t\t\t<\/div>\n\t\t\t\t<\/div>\n\t\t<div class=\"elementor-element elementor-element-9419895 e-con-full e-flex e-con e-child\" data-id=\"9419895\" data-element_type=\"container\" data-e-type=\"container\">\n\t\t\t\t<div class=\"elementor-element elementor-element-09accf5 elementor-mobile-align-start elementor-widget__width-initial elementor-icon-list--layout-traditional elementor-list-item-link-full_width elementor-widget elementor-widget-icon-list\" data-id=\"09accf5\" data-element_type=\"widget\" data-e-type=\"widget\" data-widget_type=\"icon-list.default\">\n\t\t\t\t\t\t\t<ul class=\"elementor-icon-list-items\">\n\t\t\t\t\t\t\t<li class=\"elementor-icon-list-item\">\n\t\t\t\t\t\t\t\t\t\t\t<a href=\"tel:+49220455522\">\n\n\t\t\t\t\t\t\t\t\t\t\t\t<span class=\"elementor-icon-list-icon\">\n\t\t\t\t\t\t\t<svg xmlns:dc=\"http:\/\/purl.org\/dc\/elements\/1.1\/\" xmlns:cc=\"http:\/\/creativecommons.org\/ns#\" xmlns:rdf=\"http:\/\/www.w3.org\/1999\/02\/22-rdf-syntax-ns#\" xmlns:svg=\"http:\/\/www.w3.org\/2000\/svg\" xmlns=\"http:\/\/www.w3.org\/2000\/svg\" xmlns:sodipodi=\"http:\/\/sodipodi.sourceforge.net\/DTD\/sodipodi-0.dtd\" xmlns:inkscape=\"http:\/\/www.inkscape.org\/namespaces\/inkscape\" inkscape:version=\"1.0 (4035a4fb49, 2020-05-01)\" sodipodi:docname=\"phone-icon-1.svg\" id=\"svg10\" aria-hidden=\"true\" data-type=\"color\" width=\"200\" height=\"200\" viewBox=\"30.499 30 139 139.999\" data-bbox=\"30.499 30 139 139.999\" preserveAspectRatio=\"xMidYMid meet\"><metadata><\/metadata><defs id=\"defs4\"><style id=\"style2\">#comp-l6ww9bmi svg [data-color=\"1\"] {fill: #FFFFFF;}<\/style><\/defs><g style=\"fill:#ffffff\" id=\"g8\"><path style=\"fill:#ffffff\" id=\"path6\" data-color=\"1\" fill=\"#000001\" d=\"M154.708 115.415a80.404 80.404 0 0 1-17.641-4.416c-6.242-2.359-13.345-.836-18.104 3.896l-6.198 6.229a101.805 101.805 0 0 1-33.919-34.089l6.205-6.237c4.695-4.773 6.21-11.918 3.865-18.193a81.55 81.55 0 0 1-4.401-17.771C83.323 36.349 76.039 30 67.572 30l-.168.001H47.635c-.515 0-1.033.023-1.53.07-4.561.414-8.69 2.589-11.625 6.125-2.937 3.538-4.326 8.015-3.908 12.667C32.79 69.86 40 90.325 51.401 108.016c10.361 16.39 24.455 30.558 40.73 40.953 17.546 11.437 37.809 18.683 58.672 20.961.515.046 1.031.069 1.534.069h.077c9.456-.039 17.118-7.808 17.081-17.302v-19.825c.19-8.733-6.144-16.231-14.787-17.457zm6.845 17.412v19.887c.02 5.1-4.094 9.265-9.173 9.286-.294-.002-.58-.012-.793-.03-19.563-2.137-38.629-8.955-55.17-19.736-15.327-9.79-28.576-23.108-38.334-38.543C47.34 87.021 40.557 67.769 38.477 48.08a9.218 9.218 0 0 1 2.098-6.752 9.138 9.138 0 0 1 7.06-3.326h19.808c.032-.002.062-.002.092-.002 4.566 0 8.476 3.404 9.111 7.918a89.669 89.669 0 0 0 4.834 19.497c1.259 3.366.445 7.194-2.055 9.736l-8.369 8.412a4.022 4.022 0 0 0-.646 4.812c9.73 17.199 23.917 31.461 41.028 41.241a3.948 3.948 0 0 0 4.766-.647l8.353-8.396a9.212 9.212 0 0 1 9.728-2.08 88.214 88.214 0 0 0 19.35 4.85c4.63.656 8.034 4.691 7.918 9.386v.098z\"><\/path><\/g><\/svg>\t\t\t\t\t\t<\/span>\n\t\t\t\t\t\t\t\t\t\t<span class=\"elementor-icon-list-text\">02204 555 22<\/span>\n\t\t\t\t\t\t\t\t\t\t\t<\/a>\n\t\t\t\t\t\t\t\t\t<\/li>\n\t\t\t\t\t\t\t\t<li class=\"elementor-icon-list-item\">\n\t\t\t\t\t\t\t\t\t\t\t<a href=\"mailto:info@hautzentrum-bensberg.de\">\n\n\t\t\t\t\t\t\t\t\t\t\t\t<span class=\"elementor-icon-list-icon\">\n\t\t\t\t\t\t\t<svg aria-hidden=\"true\" class=\"e-font-icon-svg e-far-envelope-open\" viewBox=\"0 0 512 512\" xmlns=\"http:\/\/www.w3.org\/2000\/svg\"><path d=\"M494.586 164.516c-4.697-3.883-111.723-89.95-135.251-108.657C337.231 38.191 299.437 0 256 0c-43.205 0-80.636 37.717-103.335 55.859-24.463 19.45-131.07 105.195-135.15 108.549A48.004 48.004 0 0 0 0 201.485V464c0 26.51 21.49 48 48 48h416c26.51 0 48-21.49 48-48V201.509a48 48 0 0 0-17.414-36.993zM464 458a6 6 0 0 1-6 6H54a6 6 0 0 1-6-6V204.347c0-1.813.816-3.526 2.226-4.665 15.87-12.814 108.793-87.554 132.364-106.293C200.755 78.88 232.398 48 256 48c23.693 0 55.857 31.369 73.41 45.389 23.573 18.741 116.503 93.493 132.366 106.316a5.99 5.99 0 0 1 2.224 4.663V458zm-31.991-187.704c4.249 5.159 3.465 12.795-1.745 16.981-28.975 23.283-59.274 47.597-70.929 56.863C336.636 362.283 299.205 400 256 400c-43.452 0-81.287-38.237-103.335-55.86-11.279-8.967-41.744-33.413-70.927-56.865-5.21-4.187-5.993-11.822-1.745-16.981l15.258-18.528c4.178-5.073 11.657-5.843 16.779-1.726 28.618 23.001 58.566 47.035 70.56 56.571C200.143 320.631 232.307 352 256 352c23.602 0 55.246-30.88 73.41-45.389 11.994-9.535 41.944-33.57 70.563-56.568 5.122-4.116 12.601-3.346 16.778 1.727l15.258 18.526z\"><\/path><\/svg>\t\t\t\t\t\t<\/span>\n\t\t\t\t\t\t\t\t\t\t<span class=\"elementor-icon-list-text\">info@hautzentrum-bensberg.de<\/span>\n\t\t\t\t\t\t\t\t\t\t\t<\/a>\n\t\t\t\t\t\t\t\t\t<\/li>\n\t\t\t\t\t\t<\/ul>\n\t\t\t\t\t\t<\/div>\n\t\t\t\t<div class=\"elementor-element elementor-element-f412aed elementor-widget__width-initial elementor-widget-mobile__width-initial elementor-widget elementor-widget-button\" data-id=\"f412aed\" data-element_type=\"widget\" data-e-type=\"widget\" data-widget_type=\"button.default\">\n\t\t\t\t\t\t\t\t\t\t<a class=\"elementor-button elementor-button-link elementor-size-sm elementor-animation-grow\" href=\"https:\/\/hautzentren.de\/en\/make-an-appointment\/\" target=\"_blank\" rel=\"nofollow\">\n\t\t\t\t\t\t<span class=\"elementor-button-content-wrapper\">\n\t\t\t\t\t\t\t\t\t<span class=\"elementor-button-text\">Jetzt Termin vereinbaren<\/span>\n\t\t\t\t\t<\/span>\n\t\t\t\t\t<\/a>\n\t\t\t\t\t\t\t\t<\/div>\n\t\t\t\t<\/div>\n\t\t\t\t<\/div>\n\t\t\t\t\t<\/div>\n\t\t\t\t<\/div>\n\t\t\t\t<\/div>\n\t\t\t\t<\/div>\n\t\t\t\t\t\t<\/div>\n\t\t\t\t<\/div>\n\t\t\t\t<\/div>\n\t\t\t\t<\/div>\n\t\t","protected":false},"excerpt":{"rendered":"<p>Imprint Pulheim Skin Center Dr.med Bijan Koushk Jalali Venloer Str. 107, 50259 PulheimHautzentrum-Pulheim.deTel: 02238 58 0 58 Responsible: Dr.med Bijan Koushk JalaliResponsible state medical association (supervisory authority):\u00c4rztekammer Nordrhein, Teerstegenstr. 9 , 40474 D\u00fcsseldorf, www.aekno.de Responsible Association of Statutory Health Insurance Physicians:Kassen\u00e4rztliche Vereinigung Nordrhein, Teerstegenstr. 9, 40474 D\u00fcsseldorf www.aekno.de Professional title: Doctor, awarded in the Federal [&hellip;]<\/p>\n","protected":false},"author":1,"featured_media":0,"parent":0,"menu_order":0,"comment_status":"closed","ping_status":"closed","template":"","meta":{"footnotes":""},"class_list":["post-5298","page","type-page","status-publish","hentry"],"yoast_head":"<!-- This site is optimized with the Yoast SEO plugin v27.5 - https:\/\/yoast.com\/product\/yoast-seo-wordpress\/ -->\n<title>Imprint - Hautzentrum Pulheim | Hautarzt K\u00f6ln | Hautarzt D\u00fcsseldorf<\/title>\n<meta name=\"robots\" content=\"index, follow, max-snippet:-1, max-image-preview:large, max-video-preview:-1\" \/>\n<link rel=\"canonical\" href=\"https:\/\/hautzentren.de\/en\/imprint\/\" \/>\n<meta property=\"og:locale\" content=\"en_US\" \/>\n<meta property=\"og:type\" content=\"article\" \/>\n<meta property=\"og:title\" content=\"Imprint - Hautzentrum Pulheim | Hautarzt K\u00f6ln | Hautarzt D\u00fcsseldorf\" \/>\n<meta property=\"og:description\" content=\"Imprint Pulheim Skin Center Dr.med Bijan Koushk Jalali Venloer Str. 107, 50259 PulheimHautzentrum-Pulheim.deTel: 02238 58 0 58 Responsible: Dr.med Bijan Koushk JalaliResponsible state medical association (supervisory authority):\u00c4rztekammer Nordrhein, Teerstegenstr. 9 , 40474 D\u00fcsseldorf, www.aekno.de Responsible Association of Statutory Health Insurance Physicians:Kassen\u00e4rztliche Vereinigung Nordrhein, Teerstegenstr. 9, 40474 D\u00fcsseldorf www.aekno.de Professional title: Doctor, awarded in the Federal [&hellip;]\" \/>\n<meta property=\"og:url\" content=\"https:\/\/hautzentren.de\/en\/imprint\/\" \/>\n<meta property=\"og:site_name\" content=\"Hautzentrum Pulheim | Hautarzt K\u00f6ln | Hautarzt D\u00fcsseldorf\" \/>\n<meta property=\"article:modified_time\" content=\"2025-11-21T10:05:25+00:00\" \/>\n<meta name=\"twitter:card\" content=\"summary_large_image\" \/>\n<meta name=\"twitter:label1\" content=\"Est. reading time\" \/>\n\t<meta name=\"twitter:data1\" content=\"1 minute\" \/>\n<script type=\"application\/ld+json\" class=\"yoast-schema-graph\">{\"@context\":\"https:\\\/\\\/schema.org\",\"@graph\":[{\"@type\":\"WebPage\",\"@id\":\"https:\\\/\\\/hautzentren.de\\\/en\\\/imprint\\\/\",\"url\":\"https:\\\/\\\/hautzentren.de\\\/en\\\/imprint\\\/\",\"name\":\"Imprint - Hautzentrum Pulheim | Hautarzt K\u00f6ln | Hautarzt D\u00fcsseldorf\",\"isPartOf\":{\"@id\":\"https:\\\/\\\/hautzentren.de\\\/en\\\/#website\"},\"datePublished\":\"2024-10-24T09:52:01+00:00\",\"dateModified\":\"2025-11-21T10:05:25+00:00\",\"breadcrumb\":{\"@id\":\"https:\\\/\\\/hautzentren.de\\\/en\\\/imprint\\\/#breadcrumb\"},\"inLanguage\":\"en-US\",\"potentialAction\":[{\"@type\":\"ReadAction\",\"target\":[\"https:\\\/\\\/hautzentren.de\\\/en\\\/imprint\\\/\"]}]},{\"@type\":\"BreadcrumbList\",\"@id\":\"https:\\\/\\\/hautzentren.de\\\/en\\\/imprint\\\/#breadcrumb\",\"itemListElement\":[{\"@type\":\"ListItem\",\"position\":1,\"name\":\"Startseite\",\"item\":\"https:\\\/\\\/hautzentren.de\\\/en\\\/home-page\\\/\"},{\"@type\":\"ListItem\",\"position\":2,\"name\":\"Imprint\"}]},{\"@type\":\"WebSite\",\"@id\":\"https:\\\/\\\/hautzentren.de\\\/en\\\/#website\",\"url\":\"https:\\\/\\\/hautzentren.de\\\/en\\\/\",\"name\":\"Hautzentrum Pulheim | Hautarzt K\u00f6ln | Hautarzt D\u00fcsseldorf\",\"description\":\"\",\"publisher\":{\"@id\":\"https:\\\/\\\/hautzentren.de\\\/en\\\/#organization\"},\"potentialAction\":[{\"@type\":\"SearchAction\",\"target\":{\"@type\":\"EntryPoint\",\"urlTemplate\":\"https:\\\/\\\/hautzentren.de\\\/en\\\/?s={search_term_string}\"},\"query-input\":{\"@type\":\"PropertyValueSpecification\",\"valueRequired\":true,\"valueName\":\"search_term_string\"}}],\"inLanguage\":\"en-US\"},{\"@type\":\"Organization\",\"@id\":\"https:\\\/\\\/hautzentren.de\\\/en\\\/#organization\",\"name\":\"Hautzentrum Pulheim | Hautarzt K\u00f6ln | Hautarzt D\u00fcsseldorf\",\"url\":\"https:\\\/\\\/hautzentren.de\\\/en\\\/\",\"logo\":{\"@type\":\"ImageObject\",\"inLanguage\":\"en-US\",\"@id\":\"https:\\\/\\\/hautzentren.de\\\/en\\\/#\\\/schema\\\/logo\\\/image\\\/\",\"url\":\"https:\\\/\\\/hautzentren.de\\\/wp-content\\\/uploads\\\/2024\\\/10\\\/logo.svg\",\"contentUrl\":\"https:\\\/\\\/hautzentren.de\\\/wp-content\\\/uploads\\\/2024\\\/10\\\/logo.svg\",\"width\":1,\"height\":1,\"caption\":\"Hautzentrum Pulheim | Hautarzt K\u00f6ln | Hautarzt D\u00fcsseldorf\"},\"image\":{\"@id\":\"https:\\\/\\\/hautzentren.de\\\/en\\\/#\\\/schema\\\/logo\\\/image\\\/\"},\"sameAs\":[\"https:\\\/\\\/www.instagram.com\\\/hautzentrumpulheim\\\/\",\"https:\\\/\\\/de.linkedin.com\\\/in\\\/dr-med-bijan-koushk-jalali-493860106\"]}]}<\/script>\n<!-- \/ Yoast SEO plugin. -->","yoast_head_json":{"title":"Imprint - Hautzentrum Pulheim | Hautarzt K\u00f6ln | Hautarzt D\u00fcsseldorf","robots":{"index":"index","follow":"follow","max-snippet":"max-snippet:-1","max-image-preview":"max-image-preview:large","max-video-preview":"max-video-preview:-1"},"canonical":"https:\/\/hautzentren.de\/en\/imprint\/","og_locale":"en_US","og_type":"article","og_title":"Imprint - Hautzentrum Pulheim | Hautarzt K\u00f6ln | Hautarzt D\u00fcsseldorf","og_description":"Imprint Pulheim Skin Center Dr.med Bijan Koushk Jalali Venloer Str. 107, 50259 PulheimHautzentrum-Pulheim.deTel: 02238 58 0 58 Responsible: Dr.med Bijan Koushk JalaliResponsible state medical association (supervisory authority):\u00c4rztekammer Nordrhein, Teerstegenstr. 9 , 40474 D\u00fcsseldorf, www.aekno.de Responsible Association of Statutory Health Insurance Physicians:Kassen\u00e4rztliche Vereinigung Nordrhein, Teerstegenstr. 9, 40474 D\u00fcsseldorf www.aekno.de Professional title: Doctor, awarded in the Federal [&hellip;]","og_url":"https:\/\/hautzentren.de\/en\/imprint\/","og_site_name":"Hautzentrum Pulheim | Hautarzt K\u00f6ln | Hautarzt D\u00fcsseldorf","article_modified_time":"2025-11-21T10:05:25+00:00","twitter_card":"summary_large_image","twitter_misc":{"Est. reading time":"1 minute"},"schema":{"@context":"https:\/\/schema.org","@graph":[{"@type":"WebPage","@id":"https:\/\/hautzentren.de\/en\/imprint\/","url":"https:\/\/hautzentren.de\/en\/imprint\/","name":"Imprint - Hautzentrum Pulheim | Hautarzt K\u00f6ln | Hautarzt D\u00fcsseldorf","isPartOf":{"@id":"https:\/\/hautzentren.de\/en\/#website"},"datePublished":"2024-10-24T09:52:01+00:00","dateModified":"2025-11-21T10:05:25+00:00","breadcrumb":{"@id":"https:\/\/hautzentren.de\/en\/imprint\/#breadcrumb"},"inLanguage":"en-US","potentialAction":[{"@type":"ReadAction","target":["https:\/\/hautzentren.de\/en\/imprint\/"]}]},{"@type":"BreadcrumbList","@id":"https:\/\/hautzentren.de\/en\/imprint\/#breadcrumb","itemListElement":[{"@type":"ListItem","position":1,"name":"Startseite","item":"https:\/\/hautzentren.de\/en\/home-page\/"},{"@type":"ListItem","position":2,"name":"Imprint"}]},{"@type":"WebSite","@id":"https:\/\/hautzentren.de\/en\/#website","url":"https:\/\/hautzentren.de\/en\/","name":"Hautzentrum Pulheim | Hautarzt K\u00f6ln | Hautarzt D\u00fcsseldorf","description":"","publisher":{"@id":"https:\/\/hautzentren.de\/en\/#organization"},"potentialAction":[{"@type":"SearchAction","target":{"@type":"EntryPoint","urlTemplate":"https:\/\/hautzentren.de\/en\/?s={search_term_string}"},"query-input":{"@type":"PropertyValueSpecification","valueRequired":true,"valueName":"search_term_string"}}],"inLanguage":"en-US"},{"@type":"Organization","@id":"https:\/\/hautzentren.de\/en\/#organization","name":"Hautzentrum Pulheim | Hautarzt K\u00f6ln | Hautarzt D\u00fcsseldorf","url":"https:\/\/hautzentren.de\/en\/","logo":{"@type":"ImageObject","inLanguage":"en-US","@id":"https:\/\/hautzentren.de\/en\/#\/schema\/logo\/image\/","url":"https:\/\/hautzentren.de\/wp-content\/uploads\/2024\/10\/logo.svg","contentUrl":"https:\/\/hautzentren.de\/wp-content\/uploads\/2024\/10\/logo.svg","width":1,"height":1,"caption":"Hautzentrum Pulheim | Hautarzt K\u00f6ln | Hautarzt D\u00fcsseldorf"},"image":{"@id":"https:\/\/hautzentren.de\/en\/#\/schema\/logo\/image\/"},"sameAs":["https:\/\/www.instagram.com\/hautzentrumpulheim\/","https:\/\/de.linkedin.com\/in\/dr-med-bijan-koushk-jalali-493860106"]}]}},"_links":{"self":[{"href":"https:\/\/hautzentren.de\/en\/wp-json\/wp\/v2\/pages\/5298","targetHints":{"allow":["GET"]}}],"collection":[{"href":"https:\/\/hautzentren.de\/en\/wp-json\/wp\/v2\/pages"}],"about":[{"href":"https:\/\/hautzentren.de\/en\/wp-json\/wp\/v2\/types\/page"}],"author":[{"embeddable":true,"href":"https:\/\/hautzentren.de\/en\/wp-json\/wp\/v2\/users\/1"}],"replies":[{"embeddable":true,"href":"https:\/\/hautzentren.de\/en\/wp-json\/wp\/v2\/comments?post=5298"}],"version-history":[{"count":2,"href":"https:\/\/hautzentren.de\/en\/wp-json\/wp\/v2\/pages\/5298\/revisions"}],"predecessor-version":[{"id":5731,"href":"https:\/\/hautzentren.de\/en\/wp-json\/wp\/v2\/pages\/5298\/revisions\/5731"}],"wp:attachment":[{"href":"https:\/\/hautzentren.de\/en\/wp-json\/wp\/v2\/media?parent=5298"}],"curies":[{"name":"wp","href":"https:\/\/api.w.org\/{rel}","templated":true}]}}